{"id":7390,"date":"2019-11-24T17:54:04","date_gmt":"2019-11-24T17:54:04","guid":{"rendered":"https:\/\/comgres.es\/empresa\/"},"modified":"2025-11-20T09:21:21","modified_gmt":"2025-11-20T09:21:21","slug":"entreprise","status":"publish","type":"page","link":"https:\/\/comgres.es\/fr\/entreprise\/","title":{"rendered":"Entreprise"},"content":{"rendered":"\t\t<div data-elementor-type=\"wp-page\" data-elementor-id=\"7390\" class=\"elementor elementor-7390 elementor-871\" data-elementor-post-type=\"page\">\n\t\t\t\t<div class=\"elementor-element elementor-element-20b5174 e-flex e-con-boxed e-con e-parent\" data-id=\"20b5174\" data-element_type=\"container\" data-e-type=\"container\" data-settings=\"{&quot;background_background&quot;:&quot;classic&quot;}\">\n\t\t\t\t\t<div class=\"e-con-inner\">\n\t\t<div class=\"elementor-element elementor-element-29abb75 e-con-full e-flex e-con e-child\" data-id=\"29abb75\" data-element_type=\"container\" data-e-type=\"container\" data-settings=\"{&quot;background_background&quot;:&quot;classic&quot;}\">\n\t\t\t\t<div class=\"elementor-element elementor-element-4988e80 elementor-widget elementor-widget-heading\" data-id=\"4988e80\" data-element_type=\"widget\" data-e-type=\"widget\" data-widget_type=\"heading.default\">\n\t\t\t\t\t<h1 class=\"elementor-heading-title elementor-size-default\">Entreprise<\/h1>\t\t\t\t<\/div>\n\t\t\t\t<\/div>\n\t\t\t\t\t<\/div>\n\t\t\t\t<\/div>\n\t\t<div class=\"elementor-element elementor-element-f58ac22 e-grid e-con-full e-con e-parent\" data-id=\"f58ac22\" data-element_type=\"container\" data-e-type=\"container\">\n\t\t<div class=\"elementor-element elementor-element-c8cf48e e-con-full e-flex e-con e-child\" data-id=\"c8cf48e\" data-element_type=\"container\" data-e-type=\"container\">\n\t\t\t\t<div class=\"elementor-element elementor-element-d7ef78a elementor-widget elementor-widget-spacer\" data-id=\"d7ef78a\" data-element_type=\"widget\" data-e-type=\"widget\" data-widget_type=\"spacer.default\">\n\t\t\t\t\t\t\t<div class=\"elementor-spacer\">\n\t\t\t<div class=\"elementor-spacer-inner\"><\/div>\n\t\t<\/div>\n\t\t\t\t\t\t<\/div>\n\t\t\t\t<div class=\"elementor-element elementor-element-7993adc elementor-widget elementor-widget-text-editor\" data-id=\"7993adc\" data-element_type=\"widget\" data-e-type=\"widget\" data-widget_type=\"text-editor.default\">\n\t\t\t\t\t\t\t\t\t<p>COMGRES est une entreprise espagnole sp\u00e9cialis\u00e9e dans l&rsquo;exportation et la distribution de carrelages de sols et de murs en c\u00e9ramique et en porcelaine \u00e0 l&rsquo;international. Forte de plus de 30 ans d&rsquo;exp\u00e9rience, notre entreprise est bas\u00e9e \u00e0 Castell\u00f3n, au c\u0153ur de l&rsquo;industrie c\u00e9ramique espagnole. Nous proposons des produits de haute qualit\u00e9\u00a0: carreaux de c\u00e9ramique, gr\u00e8s c\u00e9rame et autres rev\u00eatements de sols et de murs en c\u00e9ramique, adapt\u00e9s aux besoins de chaque march\u00e9.<\/p><p>Nos processus de fabrication garantissent un approvisionnement efficace, des prix comp\u00e9titifs et un service rapide et personnalis\u00e9. Chez COMGRES, nous nous distinguons par des solutions c\u00e9ramiques alliant innovation, durabilit\u00e9, design contemporain et excellent rapport qualit\u00e9-prix.<\/p><p>Notre objectif est de consolider notre position de leader \u00e0 l&rsquo;export, en tant qu&rsquo;exportateur espagnol de premier plan de carrelages de sols et de murs en c\u00e9ramique \u00e0 l&rsquo;international.<\/p>\t\t\t\t\t\t\t\t<\/div>\n\t\t\t\t<\/div>\n\t\t<div class=\"elementor-element elementor-element-7ee2ea9 e-con-full e-flex e-con e-child\" data-id=\"7ee2ea9\" data-element_type=\"container\" data-e-type=\"container\" data-settings=\"{&quot;background_background&quot;:&quot;classic&quot;}\">\n\t\t\t\t<\/div>\n\t\t\t\t<\/div>\n\t\t<div class=\"elementor-element elementor-element-35e0e91 e-grid e-con-full e-con e-parent\" data-id=\"35e0e91\" data-element_type=\"container\" data-e-type=\"container\">\n\t\t<div class=\"elementor-element elementor-element-c63625b e-con-full e-flex e-con e-child\" data-id=\"c63625b\" data-element_type=\"container\" data-e-type=\"container\" data-settings=\"{&quot;background_background&quot;:&quot;classic&quot;}\">\n\t\t\t\t<\/div>\n\t\t<div class=\"elementor-element elementor-element-3061ed2 e-con-full e-flex e-con e-child\" data-id=\"3061ed2\" data-element_type=\"container\" data-e-type=\"container\">\n\t\t\t\t<div class=\"elementor-element elementor-element-0cb3561 elementor-widget elementor-widget-text-editor\" data-id=\"0cb3561\" data-element_type=\"widget\" data-e-type=\"widget\" data-widget_type=\"text-editor.default\">\n\t\t\t\t\t\t\t\t\t<h3>COMMENT NOUS LE FAISONS<\/h3><p>Nous s\u00e9lectionnons avec soin chaque collection de carreaux en gr\u00e8s c\u00e9rame et en porcelaine afin de garantir le produit le plus adapt\u00e9 \u00e0 chaque pays, en tenant compte des tendances, des exigences de qualit\u00e9 et du budget du client.<\/p><p>Outre notre production haut de gamme, nous travaillons avec toutes les autres gammes disponibles\u00a0: carreaux en fin de s\u00e9rie, lots, second choix, cat\u00e9gorie B, offres sp\u00e9ciales, etc. Nous offrons des conseils personnalis\u00e9s, une logistique optimis\u00e9e et une recherche permanente d\u2019offres sp\u00e9ciales et d\u2019opportunit\u00e9s comp\u00e9titives pour les importateurs, les distributeurs et les grands projets.<\/p><p>\u00a0<\/p>\t\t\t\t\t\t\t\t<\/div>\n\t\t\t\t<div class=\"elementor-element elementor-element-6b02020 elementor-widget elementor-widget-text-editor\" data-id=\"6b02020\" data-element_type=\"widget\" data-e-type=\"widget\" data-widget_type=\"text-editor.default\">\n\t\t\t\t\t\t\t\t\t<h3>NOS MARCH\u00c9S<\/h3><p>Nous disposons d&rsquo;un solide r\u00e9seau international. Pr\u00e9sents en Europe et dans la r\u00e9gion m\u00e9diterran\u00e9enne, nous sommes \u00e9galement fortement implant\u00e9s en Afrique de l&rsquo;Ouest (S\u00e9n\u00e9gal, Ghana, Nigeria, C\u00f4te d&rsquo;Ivoire et Cameroun) et en Afrique de l&rsquo;Est (Kenya et Tanzanie).<\/p><p>Au Moyen-Orient, nous exportons r\u00e9guli\u00e8rement vers les \u00c9mirats arabes unis, l&rsquo;Arabie saoudite, le Qatar et Oman, en nous adaptant aux sp\u00e9cificit\u00e9s de chaque march\u00e9.<\/p><p>Notre exp\u00e9rience nous permet de r\u00e9pondre aux exigences de qualit\u00e9, de conception et de prix de chaque pays, garantissant ainsi un produit fiable et comp\u00e9titif.<\/p><p>\u00a0<\/p>\t\t\t\t\t\t\t\t<\/div>\n\t\t\t\t<\/div>\n\t\t\t\t<\/div>\n\t\t\t\t<\/div>\n\t\t","protected":false},"excerpt":{"rendered":"<p>COMGRES est une entreprise espagnole sp\u00e9cialis\u00e9e dans l&rsquo;exportation et la distribution de carrelages de sols et de murs en c\u00e9ramique et en porcelaine \u00e0 l&rsquo;international. Forte de plus de 30 ans d&rsquo;exp\u00e9rience, notre entreprise est bas\u00e9e \u00e0 Castell\u00f3n, au c\u0153ur de l&rsquo;industrie c\u00e9ramique espagnole. Nous proposons des produits de haute qualit\u00e9\u00a0: carreaux de c\u00e9ramique, gr\u00e8s&hellip;<\/p>\n","protected":false},"author":1,"featured_media":0,"parent":0,"menu_order":17,"comment_status":"closed","ping_status":"closed","template":"elementor_header_footer","meta":{"footnotes":""},"class_list":["post-7390","page","type-page","status-publish","hentry"],"_links":{"self":[{"href":"https:\/\/comgres.es\/fr\/wp-json\/wp\/v2\/pages\/7390","targetHints":{"allow":["GET"]}}],"collection":[{"href":"https:\/\/comgres.es\/fr\/wp-json\/wp\/v2\/pages"}],"about":[{"href":"https:\/\/comgres.es\/fr\/wp-json\/wp\/v2\/types\/page"}],"author":[{"embeddable":true,"href":"https:\/\/comgres.es\/fr\/wp-json\/wp\/v2\/users\/1"}],"replies":[{"embeddable":true,"href":"https:\/\/comgres.es\/fr\/wp-json\/wp\/v2\/comments?post=7390"}],"version-history":[{"count":10,"href":"https:\/\/comgres.es\/fr\/wp-json\/wp\/v2\/pages\/7390\/revisions"}],"predecessor-version":[{"id":7758,"href":"https:\/\/comgres.es\/fr\/wp-json\/wp\/v2\/pages\/7390\/revisions\/7758"}],"wp:attachment":[{"href":"https:\/\/comgres.es\/fr\/wp-json\/wp\/v2\/media?parent=7390"}],"curies":[{"name":"wp","href":"https:\/\/api.w.org\/{rel}","templated":true}]}}