{"id":7367,"date":"2025-10-22T12:34:17","date_gmt":"2025-10-22T12:34:17","guid":{"rendered":"https:\/\/comgres.es\/politica-de-cookies\/"},"modified":"2025-11-03T11:21:29","modified_gmt":"2025-11-03T11:21:29","slug":"politique-relative-aux-cookies","status":"publish","type":"page","link":"https:\/\/comgres.es\/fr\/politique-relative-aux-cookies\/","title":{"rendered":"Politique relative aux cookies"},"content":{"rendered":"\t\t<div data-elementor-type=\"wp-page\" data-elementor-id=\"7367\" class=\"elementor elementor-7367 elementor-6829\" data-elementor-post-type=\"page\">\n\t\t\t\t<div class=\"elementor-element elementor-element-5294397c e-flex e-con-boxed e-con e-parent\" data-id=\"5294397c\" data-element_type=\"container\" data-e-type=\"container\" data-settings=\"{&quot;background_background&quot;:&quot;classic&quot;}\">\n\t\t\t\t\t<div class=\"e-con-inner\">\n\t\t<div class=\"elementor-element elementor-element-09f2e81 e-con-full e-flex e-con e-child\" data-id=\"09f2e81\" data-element_type=\"container\" data-e-type=\"container\" data-settings=\"{&quot;background_background&quot;:&quot;classic&quot;}\">\n\t\t\t\t<div class=\"elementor-element elementor-element-753ef15 elementor-widget elementor-widget-heading\" data-id=\"753ef15\" data-element_type=\"widget\" data-e-type=\"widget\" data-widget_type=\"heading.default\">\n\t\t\t\t\t<h1 class=\"elementor-heading-title elementor-size-default\">Politique relative aux cookies<\/h1>\t\t\t\t<\/div>\n\t\t\t\t<\/div>\n\t\t\t\t\t<\/div>\n\t\t\t\t<\/div>\n\t\t<div class=\"elementor-element elementor-element-a2ef50e e-flex e-con-boxed e-con e-parent\" data-id=\"a2ef50e\" data-element_type=\"container\" data-e-type=\"container\">\n\t\t\t\t\t<div class=\"e-con-inner\">\n\t\t\t\t<div class=\"elementor-element elementor-element-095b66a elementor-widget elementor-widget-text-editor\" data-id=\"095b66a\" data-element_type=\"widget\" data-e-type=\"widget\" data-widget_type=\"text-editor.default\">\n\t\t\t\t\t\t\t\t\t<h3>Acc\u00e8s au Site Web et utilisation des cookies<\/h3><p>L\u2019acc\u00e8s \u00e0 ce Site Web peut impliquer l\u2019utilisation de cookies. Les cookies sont de petites quantit\u00e9s d\u2019informations stock\u00e9es dans le navigateur utilis\u00e9 par chaque Utilisateur \u2014 sur les diff\u00e9rents appareils qu\u2019il peut utiliser pour naviguer \u2014 afin que le serveur se souvienne de certaines informations, qui ne pourront \u00eatre lues que par le serveur qui les a implant\u00e9es. Les cookies facilitent la navigation, la rendent plus conviviale et ne nuisent pas \u00e0 l\u2019appareil utilis\u00e9.<\/p><p>Les cookies sont des proc\u00e9dures automatiques de collecte d\u2019informations relatives aux pr\u00e9f\u00e9rences d\u00e9termin\u00e9es par l\u2019Utilisateur lors de sa visite sur le Site Web, dans le but de le reconna\u00eetre comme Utilisateur et de personnaliser son exp\u00e9rience et l\u2019usage du Site Web. Elles peuvent \u00e9galement, par exemple, aider \u00e0 identifier et r\u00e9soudre des erreurs.<\/p><p>Les informations collect\u00e9es via les cookies peuvent inclure la date et l\u2019heure des visites, les pages consult\u00e9es, le temps pass\u00e9 sur le Site et les sites visit\u00e9s avant et apr\u00e8s le Site. Cependant, aucun cookie ne peut contacter le num\u00e9ro de t\u00e9l\u00e9phone de l\u2019Utilisateur ou tout autre moyen de contact personnel. Aucun cookie ne peut extraire d\u2019informations du disque dur de l\u2019Utilisateur ni voler des informations personnelles. La seule mani\u00e8re pour que des informations priv\u00e9es fassent partie du fichier cookie est que l\u2019Utilisateur fournisse ces informations directement au serveur.<\/p><p>Les cookies permettant d\u2019identifier une personne sont consid\u00e9r\u00e9s comme des donn\u00e9es personnelles et sont donc soumis \u00e0 la Politique de confidentialit\u00e9 d\u00e9crite ci-dessus. Leur utilisation n\u00e9cessite le consentement de l\u2019Utilisateur, exprim\u00e9 par un choix authentique, donn\u00e9 par une d\u00e9cision affirmative et positive avant le traitement initial, r\u00e9versible et document\u00e9.<\/p><p><strong>Cookies propres<\/strong><\/p><p>Ce sont des cookies envoy\u00e9s sur l\u2019ordinateur ou l\u2019appareil de l\u2019Utilisateur et g\u00e9r\u00e9s exclusivement par Comgres SL pour am\u00e9liorer le fonctionnement du Site Web. Les informations collect\u00e9es servent \u00e0 am\u00e9liorer la qualit\u00e9 du Site et des Contenus ainsi que l\u2019exp\u00e9rience de l\u2019Utilisateur. Ces cookies permettent de reconna\u00eetre l\u2019Utilisateur comme visiteur r\u00e9current et d\u2019adapter le contenu \u00e0 ses pr\u00e9f\u00e9rences.<\/p><p><strong>Cookies de tiers<\/strong><\/p><p>Ces cookies sont utilis\u00e9s et g\u00e9r\u00e9s par des entit\u00e9s externes fournissant des services \u00e0 Comgres SL pour am\u00e9liorer le Site et l\u2019exp\u00e9rience utilisateur. Les principaux objectifs des cookies tiers sont l\u2019obtention de statistiques d\u2019acc\u00e8s et l\u2019analyse des interactions de l\u2019Utilisateur avec le Site Web.<\/p><p>Les informations obtenues peuvent inclure, par exemple, le nombre de pages visit\u00e9es, la langue, la localisation de l\u2019adresse IP de l\u2019Utilisateur, le nombre d\u2019Utilisateurs, la fr\u00e9quence et la r\u00e9currence des visites, le temps pass\u00e9, le navigateur utilis\u00e9, l\u2019op\u00e9rateur ou le type d\u2019appareil. Ces informations servent \u00e0 am\u00e9liorer le Site et \u00e0 identifier de nouveaux besoins pour offrir un contenu et\/ou service de qualit\u00e9 optimale. Les donn\u00e9es sont collect\u00e9es de mani\u00e8re anonyme et des rapports de tendances sont \u00e9tablis sans identifier les utilisateurs individuellement.<\/p><p>Plus d\u2019informations sur les cookies, la confidentialit\u00e9, le type de cookies utilis\u00e9s, leurs caract\u00e9ristiques principales et leur dur\u00e9e de validit\u00e9 peuvent \u00eatre consult\u00e9es via les liens suivants :<\/p><p>Les entit\u00e9s fournissant les cookies peuvent partager ces informations avec des tiers, uniquement si la loi l\u2019exige ou si un tiers traite ces informations pour elles.<\/p><p><strong>Cookies des r\u00e9seaux sociaux<\/strong><\/p><p>Comgres SL int\u00e8gre des plugins de r\u00e9seaux sociaux permettant d\u2019y acc\u00e9der depuis le Site. Les cookies des r\u00e9seaux sociaux peuvent donc \u00eatre stock\u00e9s dans le navigateur de l\u2019Utilisateur. Les titulaires de ces r\u00e9seaux disposent de leurs propres politiques de protection des donn\u00e9es et de cookies et sont responsables de leurs fichiers et pratiques de confidentialit\u00e9. L\u2019Utilisateur doit se r\u00e9f\u00e9rer \u00e0 ces politiques pour s\u2019informer sur les cookies et, le cas \u00e9ch\u00e9ant, le traitement de ses donn\u00e9es personnelles. Les liens d\u2019information sont les suivants :<\/p><ul><li>Facebook: <a class=\"text-info\" href=\"https:\/\/www.facebook.com\/policies\/cookies\/\">https:\/\/www.facebook.com\/policies\/cookies\/<\/a><\/li><li>Twitter: <a class=\"text-info\" href=\"https:\/\/twitter.com\/es\/privacy\">https:\/\/twitter.com\/es\/privacy<\/a><\/li><li>Instagram: <a class=\"text-info\" href=\"https:\/\/help.instagram.com\/1896641480634370?ref=ig\">https:\/\/help.instagram.com\/1896641480634370?ref=ig<\/a><\/li><li>YouTube: <a class=\"text-info\" href=\"https:\/\/policies.google.com\/privacy?hl=es-419&amp;gl=mx\">https:\/\/policies.google.com\/privacy?hl=es-419&amp;gl=mx<\/a><\/li><li>Pinterest: <a class=\"text-info\" href=\"https:\/\/policy.pinterest.com\/es\/privacy-policy\">https:\/\/policy.pinterest.com\/es\/privacy-policy<\/a><\/li><li>LinkedIn: <a class=\"text-info\" href=\"https:\/\/www.linkedin.com\/legal\/cookie-policy?trk=hp-cookies\">https:\/\/www.linkedin.com\/legal\/cookie-policy?trk=hp-cookies<\/a><\/li><\/ul><h3>D\u00e9sactivation, refus et suppression des cookies<\/h3><p>L\u2019Utilisateur peut d\u00e9sactiver, refuser ou supprimer les cookies \u2014 totalement ou partiellement \u2014 via la configuration de son navigateur (Chrome, Firefox, Safari, Explorer, etc.). Les proc\u00e9dures peuvent varier selon le navigateur. L\u2019Utilisateur doit suivre les instructions fournies par son navigateur.<\/p><p>En cas de refus total ou partiel des cookies, l\u2019Utilisateur pourra continuer \u00e0 utiliser le Site, mais certaines fonctionnalit\u00e9s pourraient \u00eatre limit\u00e9es.<\/p>\t\t\t\t\t\t\t\t<\/div>\n\t\t\t\t\t<\/div>\n\t\t\t\t<\/div>\n\t\t\t\t<\/div>\n\t\t","protected":false},"excerpt":{"rendered":"<p>Acc\u00e8s au Site Web et utilisation des cookies L\u2019acc\u00e8s \u00e0 ce Site Web peut impliquer l\u2019utilisation de cookies. Les cookies sont de petites quantit\u00e9s d\u2019informations stock\u00e9es dans le navigateur utilis\u00e9 par chaque Utilisateur \u2014 sur les diff\u00e9rents appareils qu\u2019il peut utiliser pour naviguer \u2014 afin que le serveur se souvienne de certaines informations, qui ne&hellip;<\/p>\n","protected":false},"author":1,"featured_media":0,"parent":0,"menu_order":0,"comment_status":"closed","ping_status":"closed","template":"elementor_header_footer","meta":{"footnotes":""},"class_list":["post-7367","page","type-page","status-publish","hentry"],"_links":{"self":[{"href":"https:\/\/comgres.es\/fr\/wp-json\/wp\/v2\/pages\/7367","targetHints":{"allow":["GET"]}}],"collection":[{"href":"https:\/\/comgres.es\/fr\/wp-json\/wp\/v2\/pages"}],"about":[{"href":"https:\/\/comgres.es\/fr\/wp-json\/wp\/v2\/types\/page"}],"author":[{"embeddable":true,"href":"https:\/\/comgres.es\/fr\/wp-json\/wp\/v2\/users\/1"}],"replies":[{"embeddable":true,"href":"https:\/\/comgres.es\/fr\/wp-json\/wp\/v2\/comments?post=7367"}],"version-history":[{"count":4,"href":"https:\/\/comgres.es\/fr\/wp-json\/wp\/v2\/pages\/7367\/revisions"}],"predecessor-version":[{"id":7518,"href":"https:\/\/comgres.es\/fr\/wp-json\/wp\/v2\/pages\/7367\/revisions\/7518"}],"wp:attachment":[{"href":"https:\/\/comgres.es\/fr\/wp-json\/wp\/v2\/media?parent=7367"}],"curies":[{"name":"wp","href":"https:\/\/api.w.org\/{rel}","templated":true}]}}