{"id":7365,"date":"2025-10-20T14:20:52","date_gmt":"2025-10-20T14:20:52","guid":{"rendered":"https:\/\/comgres.es\/politica-de-privacidad\/"},"modified":"2025-11-03T10:51:57","modified_gmt":"2025-11-03T10:51:57","slug":"politique-de-confidentialite","status":"publish","type":"page","link":"https:\/\/comgres.es\/fr\/politique-de-confidentialite\/","title":{"rendered":"Politique de confidentialit\u00e9"},"content":{"rendered":"\t\t<div data-elementor-type=\"wp-page\" data-elementor-id=\"7365\" class=\"elementor elementor-7365 elementor-3\" data-elementor-post-type=\"page\">\n\t\t\t\t<div class=\"elementor-element elementor-element-5294397c e-flex e-con-boxed e-con e-parent\" data-id=\"5294397c\" data-element_type=\"container\" data-e-type=\"container\" data-settings=\"{&quot;background_background&quot;:&quot;classic&quot;}\">\n\t\t\t\t\t<div class=\"e-con-inner\">\n\t\t<div class=\"elementor-element elementor-element-09f2e81 e-con-full e-flex e-con e-child\" data-id=\"09f2e81\" data-element_type=\"container\" data-e-type=\"container\" data-settings=\"{&quot;background_background&quot;:&quot;classic&quot;}\">\n\t\t\t\t<div class=\"elementor-element elementor-element-753ef15 elementor-widget elementor-widget-heading\" data-id=\"753ef15\" data-element_type=\"widget\" data-e-type=\"widget\" data-widget_type=\"heading.default\">\n\t\t\t\t\t<h1 class=\"elementor-heading-title elementor-size-default\">Politique de confidentialit\u00e9<\/h1>\t\t\t\t<\/div>\n\t\t\t\t<\/div>\n\t\t\t\t\t<\/div>\n\t\t\t\t<\/div>\n\t\t<div class=\"elementor-element elementor-element-a2ef50e e-flex e-con-boxed e-con e-parent\" data-id=\"a2ef50e\" data-element_type=\"container\" data-e-type=\"container\">\n\t\t\t\t\t<div class=\"e-con-inner\">\n\t\t\t\t<div class=\"elementor-element elementor-element-095b66a elementor-widget elementor-widget-text-editor\" data-id=\"095b66a\" data-element_type=\"widget\" data-e-type=\"widget\" data-widget_type=\"text-editor.default\">\n\t\t\t\t\t\t\t\t\t<h2>Introduction<\/h2><p>Comgres est une entreprise qui a d\u00e9velopp\u00e9 des proc\u00e9dures globales concernant l\u2019utilisation des informations afin de garantir le respect de la vie priv\u00e9e et la protection des donn\u00e9es des utilisateurs. Notre Politique de Confidentialit\u00e9 d\u00e9crit les proc\u00e9dures appliqu\u00e9es par Comgres aux informations soumises via Internet pour le traitement des donn\u00e9es personnelles et non personnelles et est r\u00e9dig\u00e9e conform\u00e9ment aux lois et r\u00e9glementations en vigueur en Espagne. Nous vous invitons \u00e0 lire attentivement cette Politique de Confidentialit\u00e9 avant d\u2019utiliser le site web de Comgres (ci-apr\u00e8s, le \u00ab Site \u00bb).<\/p><h2>Comment vos informations sont-elles utilis\u00e9es ?<\/h2><p>Comgres ne vendra, ne louera, ne pr\u00eatera ni ne communiquera vos informations personnelles \u00e0 des tiers, sauf si vous y consentez ou si Comgres y est l\u00e9galement oblig\u00e9e. Comgres n\u2019utilisera ni ne partagera les informations personnelles que vous nous fournissez via Internet \u00e0 des fins non d\u00e9crites ici sans vous en informer pr\u00e9alablement afin que vous puissiez refuser.<\/p><p>Nous ne partagerons vos informations personnelles qu\u2019avec des entit\u00e9s de Comgres (y compris les filiales et soci\u00e9t\u00e9s affili\u00e9es) et\/ou avec des collaborateurs agissant en notre nom pour fournir le service ou l\u2019information que vous avez demand\u00e9e, consolider le stockage des donn\u00e9es ou simplifier la gestion des donn\u00e9es clients. Ces entit\u00e9s et\/ou collaborateurs de Comgres sont soumis \u00e0 notre Politique de Confidentialit\u00e9 concernant l\u2019utilisation des informations personnelles ainsi qu\u2019aux accords de confidentialit\u00e9 applicables dans chaque cas.<\/p><h2>Quelles informations collectons-nous ?<\/h2><p><strong>Informations non personnelles<\/strong><\/p><p>En visitant notre Site, vous pouvez effectuer diverses actions sans fournir vos donn\u00e9es personnelles. Cependant, nous collectons des informations sur les pages visit\u00e9es, l\u2019ordre de navigation et les liens utilis\u00e9s, entre autres. Ces informations ne sont pas li\u00e9es \u00e0 des donn\u00e9es personnelles identifiables. Les informations non personnelles que nous collectons nous aident \u00e0 identifier les zones les plus visit\u00e9es de notre Site et \u00e0 \u00e9valuer l\u2019efficacit\u00e9 de nos activit\u00e9s promotionnelles.<\/p><p><strong>Informations personnelles<\/strong><\/p><p>Sur certaines sections du site de Comgres, vous pouvez faire des demandes, donner votre avis ou vous abonner \u00e0 l\u2019un de nos services en ligne. Les donn\u00e9es personnelles collect\u00e9es sur ces pages peuvent inclure : nom, adresse, adresse e-mail, num\u00e9ro de t\u00e9l\u00e9phone, num\u00e9ro de fax et informations sur vos opinions et l\u2019utilisation de divers services. Comgres utilise toutes ces donn\u00e9es pour mieux comprendre vos besoins et vous fournir un meilleur service.<\/p><h2>Pourquoi collectons-nous vos informations personnelles ?<\/h2><p><strong>Listes de diffusion<\/strong><\/p><p>Parfois, Comgres offre aux visiteurs la possibilit\u00e9 de fournir leur adresse e-mail pour recevoir des bulletins d\u2019information ou des informations sur un service. Ces adresses e-mail ne seront utilis\u00e9es qu\u2019\u00e0 cette fin et ne seront jamais partag\u00e9es avec des entreprises autres que les filiales de Comgres, sauf si vous y consentez. De plus, vous aurez toujours la possibilit\u00e9 de refuser de recevoir ces documents.<\/p><h2>Comment prot\u00e9geons-nous vos informations ?<\/h2><p>Pour emp\u00eacher l\u2019acc\u00e8s ou la divulgation non autoris\u00e9s, assurer l\u2019exactitude des donn\u00e9es et garantir une utilisation appropri\u00e9e des informations, nous avons mis en place des moyens physiques, \u00e9lectroniques et administratifs pour prot\u00e9ger les donn\u00e9es collect\u00e9es via Internet.<\/p><h2>Acc\u00e8s \u00e0 vos informations<\/h2><p>Vous avez le droit d\u2019acc\u00e9der \u00e0 vos informations personnelles et de les corriger \u00e0 tout moment. Pour consulter, mettre \u00e0 jour ou modifier vos donn\u00e9es personnelles, contactez-nous \u00e0 info@comgres.es<\/p><h2>Sites web tiers<\/h2><p>Notre Politique de Confidentialit\u00e9 s\u2019applique uniquement aux sections du site contr\u00f4l\u00e9es par Comgres. Les liens vers des sites web tiers sont fournis uniquement pour votre commodit\u00e9. Il est recommand\u00e9 de consulter la politique de confidentialit\u00e9 de ces sites avant de leur fournir des donn\u00e9es personnelles. Comgres n\u2019a pas examin\u00e9 tous les sites tiers, n\u2019a aucun contr\u00f4le sur eux et d\u00e9cline toute responsabilit\u00e9 concernant ces sites, leur contenu et leurs politiques de confidentialit\u00e9. Par cons\u00e9quent, Comgres n\u2019approuve pas et n\u2019agit pas au nom de ces sites ni des informations, produits ou autres mat\u00e9riaux qu\u2019ils peuvent contenir.<\/p><h2>Comment nous contacter<\/h2><p>Votre avis est tr\u00e8s important pour nous. Si vous avez des questions ou souhaitez nous faire part de commentaires concernant notre Politique de Confidentialit\u00e9, veuillez nous contacter \u00e0 info@comgres.es. Vous pouvez \u00e9galement nous joindre par courrier ou par t\u00e9l\u00e9phone.<\/p><p><strong>Coordonn\u00e9es<\/strong><\/p><p>Comgres<br \/>c\/Platans 08461 \u00b7 Espagne<br \/>T\u00e9l\u00e9phone : +34 938 483 330<br \/>Mobile : +34 609 818 572<br \/>Email : info@comgres.es<\/p>\t\t\t\t\t\t\t\t<\/div>\n\t\t\t\t\t<\/div>\n\t\t\t\t<\/div>\n\t\t\t\t<\/div>\n\t\t","protected":false},"excerpt":{"rendered":"<p>Introduction Comgres est une entreprise qui a d\u00e9velopp\u00e9 des proc\u00e9dures globales concernant l\u2019utilisation des informations afin de garantir le respect de la vie priv\u00e9e et la protection des donn\u00e9es des utilisateurs. Notre Politique de Confidentialit\u00e9 d\u00e9crit les proc\u00e9dures appliqu\u00e9es par Comgres aux informations soumises via Internet pour le traitement des donn\u00e9es personnelles et non personnelles&hellip;<\/p>\n","protected":false},"author":1,"featured_media":0,"parent":0,"menu_order":0,"comment_status":"closed","ping_status":"closed","template":"elementor_header_footer","meta":{"footnotes":""},"class_list":["post-7365","page","type-page","status-publish","hentry"],"_links":{"self":[{"href":"https:\/\/comgres.es\/fr\/wp-json\/wp\/v2\/pages\/7365","targetHints":{"allow":["GET"]}}],"collection":[{"href":"https:\/\/comgres.es\/fr\/wp-json\/wp\/v2\/pages"}],"about":[{"href":"https:\/\/comgres.es\/fr\/wp-json\/wp\/v2\/types\/page"}],"author":[{"embeddable":true,"href":"https:\/\/comgres.es\/fr\/wp-json\/wp\/v2\/users\/1"}],"replies":[{"embeddable":true,"href":"https:\/\/comgres.es\/fr\/wp-json\/wp\/v2\/comments?post=7365"}],"version-history":[{"count":4,"href":"https:\/\/comgres.es\/fr\/wp-json\/wp\/v2\/pages\/7365\/revisions"}],"predecessor-version":[{"id":7489,"href":"https:\/\/comgres.es\/fr\/wp-json\/wp\/v2\/pages\/7365\/revisions\/7489"}],"wp:attachment":[{"href":"https:\/\/comgres.es\/fr\/wp-json\/wp\/v2\/media?parent=7365"}],"curies":[{"name":"wp","href":"https:\/\/api.w.org\/{rel}","templated":true}]}}